{"id":1690,"date":"2023-12-08T19:29:48","date_gmt":"2023-12-08T19:29:48","guid":{"rendered":"https:\/\/derijnhoeve.nl\/?page_id=1690"},"modified":"2026-04-16T11:35:04","modified_gmt":"2026-04-16T11:35:04","slug":"camperplaats","status":"publish","type":"page","link":"https:\/\/derijnhoeve.nl\/de\/camperplaats\/","title":{"rendered":"Wohnmobilstellplatz"},"content":{"rendered":"<div data-elementor-type=\"wp-page\" data-elementor-id=\"1690\" class=\"elementor elementor-1690\" data-elementor-post-type=\"page\">\n\t\t\t\t\t\t<section class=\"elementor-section elementor-top-section elementor-element elementor-element-c2f4033 elementor-section-height-min-height elementor-section-boxed elementor-section-height-default elementor-section-items-middle\" data-id=\"c2f4033\" data-element_type=\"section\" data-e-type=\"section\" data-settings=\"{&quot;background_background&quot;:&quot;classic&quot;}\">\n\t\t\t\t\t\t\t<div class=\"elementor-background-overlay\"><\/div>\n\t\t\t\t\t\t\t<div class=\"elementor-container elementor-column-gap-default\">\n\t\t\t\t\t<div class=\"elementor-column elementor-col-100 elementor-top-column elementor-element elementor-element-540e28be\" data-id=\"540e28be\" data-element_type=\"column\" data-e-type=\"column\">\n\t\t\t<div class=\"elementor-widget-wrap elementor-element-populated\">\n\t\t\t\t\t\t\t<\/div>\n\t\t<\/div>\n\t\t\t\t\t<\/div>\n\t\t<\/section>\n\t\t\t\t<section class=\"elementor-section elementor-top-section elementor-element elementor-element-5bf2f5ff elementor-section-boxed elementor-section-height-default elementor-section-height-default\" data-id=\"5bf2f5ff\" data-element_type=\"section\" data-e-type=\"section\" data-settings=\"{&quot;background_background&quot;:&quot;gradient&quot;}\">\n\t\t\t\t\t\t<div class=\"elementor-container elementor-column-gap-default\">\n\t\t\t\t\t<div class=\"elementor-column elementor-col-33 elementor-top-column elementor-element elementor-element-394b02f8\" data-id=\"394b02f8\" data-element_type=\"column\" data-e-type=\"column\" data-settings=\"{&quot;background_background&quot;:&quot;classic&quot;}\">\n\t\t\t<div class=\"elementor-widget-wrap elementor-element-populated\">\n\t\t\t\t\t\t<div class=\"elementor-element elementor-element-172aabd2 elementor-widget elementor-widget-text-editor\" data-id=\"172aabd2\" data-element_type=\"widget\" data-e-type=\"widget\" data-widget_type=\"text-editor.default\">\n\t\t\t\t\t\t\t\t\t<div data-id=\"8039575\" data-element_type=\"widget\" data-widget_type=\"jet-listing-dynamic-field.default\"><div><div><div><div><p>Ein (neuer) Wohnmobilstellplatz f\u00fcr Selbstversorger (also keine Dusche und Toilette vorhanden) mit 7 ger\u00e4umigen Stellpl\u00e4tzen.<\/p><p><span style=\"text-decoration: underline;\"><em><strong>Preise 2026:<\/strong><\/em><\/span><\/p><\/div><\/div><\/div><div><p><span style=\"font-size: medium;\">Nebensaison, <strong>\u20ac 24,00 <\/strong><\/span><span style=\"font-size: medium;\">pro Stellplatz auf der Basis von zwei Personen (einschlie\u00dflich \u20ac 2,13 Kurtaxe pro Person) Zus\u00e4tzliche Person \u20ac 4,00 einschlie\u00dflich Kurtaxe.<\/span><\/p><p><span style=\"font-size: medium;\">Hochsaison <strong>\u20ac 26,00<\/strong> pro Platz auf Basis von zwei Personen inklusive Kurtaxe.<\/span><\/p><p><span style=\"text-decoration: underline;\"><em><span style=\"font-size: 16px;\"><b>Ausstattung inklusive:<\/b><\/span><\/em><\/span><\/p><\/div><\/div><div><div><ul><li>Stromversorgung 6A und WLAN<\/li><li>Grauwasser- und Chemietoilettenentsorgung\u00a0<\/li><li>Wasserhahn drau\u00dfen<\/li><li>Drinking water in wooden house\u00a0<\/li><li>Abfalleimer<\/li><\/ul><p><span style=\"text-decoration: underline;\"><em><b>Hochsaison 2026: <\/b><\/em><\/span><\/p><p>3. bis 6. April, 14. bis 17. Mai und 22. bis 25. Mai, 1. Juli bis 23. August.<\/p><p><span style=\"text-decoration: underline;\"><em><strong>Ankunft\/Abreise:<\/strong><\/em><\/span><\/p><p>Eine Buchung ist nicht m\u00f6glich. Wenn Sie mehrere N\u00e4chte bleiben m\u00f6chten, ist die Buchung verhandelbar. Bei der Ankunft sollten Sie sich telefonisch oder per Whatsapp unter der Telefonnummer anmelden:<\/p><p><strong> +31-637450045<\/strong><\/p><p>Ankunft: nach <strong>12.00 <\/strong><strong>Stunde<\/strong> und f\u00fcr\u00a0<strong>21.30 Uhr.\u00a0<\/strong><\/p><p><span style=\"font-size: 16px; -webkit-text-size-adjust: 100%;\">Abreise von:\u00a0<\/span><strong style=\"font-size: 16px; -webkit-text-size-adjust: 100%;\">08:00<\/strong><span style=\"font-size: 16px; -webkit-text-size-adjust: 100%;\">\u00a0und f\u00fcr\u00a0<\/span><strong style=\"font-size: 16px; -webkit-text-size-adjust: 100%;\">12:00 Uhr.<\/strong><\/p><p><span style=\"text-decoration: underline;\"><em><strong>Camper platzieren:<\/strong><\/em><\/span><\/p><p>Nach dem Einchecken k\u00f6nnen Sie sich einen freien Platz aussuchen. Sie m\u00fcssen <strong>r\u00fcckw\u00e4rts<\/strong> zu parken, mit den R\u00e4dern auf der <strong>Steinplatten.<\/strong><\/p><p>*Ein (Vor-)Zelt oder Matten im Gras <strong>nicht<\/strong> erlaubt. <br \/>*Das Ausfahren eines Vorzeltes ist erlaubt. <br \/>*Offenes Feuer ist <strong>nicht<\/strong> erlaubt<br \/>*ACHTUNG: Ein angeleinter Hund ist <strong>begrenzt<\/strong> erlaubt.<\/p><p><span style=\"text-decoration: underline;\"><em><strong>Bezahlung:<\/strong><\/em><\/span><\/p><p>Sie m\u00fcssen bei der Ankunft bezahlen, oder wir werden Sie am Abend besuchen. Sie k\u00f6nnen mit Ideal, \u201ctikkie\u201d, per Pin (zus\u00e4tzliche Kosten, wenn Sie nicht \u00fcber ein niederl\u00e4ndisches Bankkonto ) Barzahlung ist nicht immer m\u00f6glich und ist nicht unsere Pr\u00e4ferenz.<\/p><p><span style=\"text-decoration: underline;\"><em><b>\u00d6ffnungszeiten Wohnmobilstellplatz:<\/b><\/em><\/span><\/p><p>Der Wohnmobilstellplatz ist ebenfalls ge\u00f6ffnet. <strong><em>nach dem 1. Oktober. <\/em><\/strong>Bitte kontaktieren Sie uns vor Ihrer Ankunft telefonisch oder senden Sie uns eine WhatsApp-Nachricht. Es kann sein, dass wir an bestimmten Tagen geschlossen haben oder dass es friert.<\/p><\/div><div>\u00a0<\/div><\/div><\/div>\t\t\t\t\t\t\t\t<\/div>\n\t\t\t\t\t<\/div>\n\t\t<\/div>\n\t\t\t\t<div class=\"elementor-column elementor-col-33 elementor-top-column elementor-element elementor-element-1c0b7164 elementor-hidden-tablet elementor-hidden-mobile\" data-id=\"1c0b7164\" data-element_type=\"column\" data-e-type=\"column\" data-settings=\"{&quot;background_background&quot;:&quot;classic&quot;}\">\n\t\t\t<div class=\"elementor-widget-wrap\">\n\t\t\t\t\t\t\t<\/div>\n\t\t<\/div>\n\t\t\t\t<div class=\"elementor-column elementor-col-33 elementor-top-column elementor-element elementor-element-5f813bd9 elementor-hidden-tablet elementor-hidden-mobile\" data-id=\"5f813bd9\" data-element_type=\"column\" data-e-type=\"column\" data-settings=\"{&quot;background_background&quot;:&quot;classic&quot;}\">\n\t\t\t<div class=\"elementor-widget-wrap\">\n\t\t\t\t\t\t\t<\/div>\n\t\t<\/div>\n\t\t\t\t\t<\/div>\n\t\t<\/section>\n\t\t\t\t<\/div>","protected":false},"excerpt":{"rendered":"<p>Een (nieuwe) zelfvoorzienende camperplaats (dus geen douche en toilet aanwezig) met 7 ruime plaatsen. Prijzen 2026: Laagseizoen, \u20ac 24,00 per plaats op basis van twee personen (inclusief \u20ac 2,13 toeristenbelasting per persoon) \u00a0Extra persoon \u20ac \u00a04,00 incl. toeristenbelasting. Hoogseizoen \u20ac 26,00 per plaats op basis van twee personen inclusief toeristenbelasting. Faciliteiten inclusief: Stroomvoorziening 6A en [&hellip;]<\/p>\n","protected":false},"author":1,"featured_media":0,"parent":0,"menu_order":0,"comment_status":"closed","ping_status":"closed","template":"","meta":{"site-sidebar-layout":"no-sidebar","site-content-layout":"page-builder","ast-site-content-layout":"full-width-container","site-content-style":"unboxed","site-sidebar-style":"unboxed","ast-global-header-display":"","ast-banner-title-visibility":"","ast-main-header-display":"","ast-hfb-above-header-display":"","ast-hfb-below-header-display":"","ast-hfb-mobile-header-display":"","site-post-title":"disabled","ast-breadcrumbs-content":"","ast-featured-img":"disabled","footer-sml-layout":"","ast-disable-related-posts":"","theme-transparent-header-meta":"","adv-header-id-meta":"","stick-header-meta":"","header-above-stick-meta":"","header-main-stick-meta":"","header-below-stick-meta":"","astra-migrate-meta-layouts":"set","ast-page-background-enabled":"default","ast-page-background-meta":{"desktop":{"background-color":"var(--ast-global-color-4)","background-image":"","background-repeat":"repeat","background-position":"center center","background-size":"auto","background-attachment":"scroll","background-type":"","background-media":"","overlay-type":"","overlay-color":"","overlay-opacity":"","overlay-gradient":""},"tablet":{"background-color":"","background-image":"","background-repeat":"repeat","background-position":"center center","background-size":"auto","background-attachment":"scroll","background-type":"","background-media":"","overlay-type":"","overlay-color":"","overlay-opacity":"","overlay-gradient":""},"mobile":{"background-color":"","background-image":"","background-repeat":"repeat","background-position":"center center","background-size":"auto","background-attachment":"scroll","background-type":"","background-media":"","overlay-type":"","overlay-color":"","overlay-opacity":"","overlay-gradient":""}},"ast-content-background-meta":{"desktop":{"background-color":"var(--ast-global-color-5)","background-image":"","background-repeat":"repeat","background-position":"center center","background-size":"auto","background-attachment":"scroll","background-type":"","background-media":"","overlay-type":"","overlay-color":"","overlay-opacity":"","overlay-gradient":""},"tablet":{"background-color":"var(--ast-global-color-5)","background-image":"","background-repeat":"repeat","background-position":"center center","background-size":"auto","background-attachment":"scroll","background-type":"","background-media":"","overlay-type":"","overlay-color":"","overlay-opacity":"","overlay-gradient":""},"mobile":{"background-color":"var(--ast-global-color-5)","background-image":"","background-repeat":"repeat","background-position":"center center","background-size":"auto","background-attachment":"scroll","background-type":"","background-media":"","overlay-type":"","overlay-color":"","overlay-opacity":"","overlay-gradient":""}},"footnotes":""},"class_list":["post-1690","page","type-page","status-publish","hentry"],"_links":{"self":[{"href":"https:\/\/derijnhoeve.nl\/de\/wp-json\/wp\/v2\/pages\/1690","targetHints":{"allow":["GET"]}}],"collection":[{"href":"https:\/\/derijnhoeve.nl\/de\/wp-json\/wp\/v2\/pages"}],"about":[{"href":"https:\/\/derijnhoeve.nl\/de\/wp-json\/wp\/v2\/types\/page"}],"author":[{"embeddable":true,"href":"https:\/\/derijnhoeve.nl\/de\/wp-json\/wp\/v2\/users\/1"}],"replies":[{"embeddable":true,"href":"https:\/\/derijnhoeve.nl\/de\/wp-json\/wp\/v2\/comments?post=1690"}],"version-history":[{"count":0,"href":"https:\/\/derijnhoeve.nl\/de\/wp-json\/wp\/v2\/pages\/1690\/revisions"}],"wp:attachment":[{"href":"https:\/\/derijnhoeve.nl\/de\/wp-json\/wp\/v2\/media?parent=1690"}],"curies":[{"name":"wp","href":"https:\/\/api.w.org\/{rel}","templated":true}]}}