{"id":2193,"date":"2025-06-16T18:29:48","date_gmt":"2025-06-16T18:29:48","guid":{"rendered":"https:\/\/derijnhoeve.nl\/?page_id=2193"},"modified":"2026-04-04T21:40:51","modified_gmt":"2026-04-04T21:40:51","slug":"shetlander-beleving","status":"publish","type":"page","link":"https:\/\/derijnhoeve.nl\/de\/shetlander-beleving\/","title":{"rendered":"Erfahrung der Shetlander"},"content":{"rendered":"<div data-elementor-type=\"wp-page\" data-elementor-id=\"2193\" class=\"elementor elementor-2193\" data-elementor-post-type=\"page\">\n\t\t\t\t<div class=\"elementor-element elementor-element-03a9a53 e-flex e-con-boxed e-con e-parent\" data-id=\"03a9a53\" data-element_type=\"container\" data-e-type=\"container\" data-settings=\"{&quot;background_background&quot;:&quot;gradient&quot;}\">\n\t\t\t\t\t<div class=\"e-con-inner\">\n\t\t<div class=\"elementor-element elementor-element-a52711d e-con-full e-flex e-con e-child\" data-id=\"a52711d\" data-element_type=\"container\" data-e-type=\"container\" data-settings=\"{&quot;background_background&quot;:&quot;classic&quot;}\">\n\t\t\t\t<div class=\"elementor-element elementor-element-5c238c9 elementor--h-position-center elementor--v-position-middle elementor-arrows-position-inside elementor-pagination-position-inside elementor-widget elementor-widget-slides\" data-id=\"5c238c9\" data-element_type=\"widget\" data-e-type=\"widget\" data-settings=\"{&quot;navigation&quot;:&quot;both&quot;,&quot;autoplay&quot;:&quot;yes&quot;,&quot;pause_on_hover&quot;:&quot;yes&quot;,&quot;pause_on_interaction&quot;:&quot;yes&quot;,&quot;autoplay_speed&quot;:5000,&quot;infinite&quot;:&quot;yes&quot;,&quot;transition&quot;:&quot;slide&quot;,&quot;transition_speed&quot;:500}\" data-widget_type=\"slides.default\">\n\t\t\t\t\t\t\t\t\t\t<div class=\"elementor-slides-wrapper elementor-main-swiper swiper\" role=\"region\" aria-roledescription=\"carousel\" aria-label=\"Folien\" dir=\"ltr\" data-animation=\"fadeInUp\">\n\t\t\t\t<div class=\"swiper-wrapper elementor-slides\">\n\t\t\t\t\t\t\t\t\t\t<div class=\"elementor-repeater-item-6934c4c swiper-slide\" role=\"group\" aria-roledescription=\"slide\"><div class=\"swiper-slide-bg\" role=\"img\" aria-label=\"06304edd-51a4-4120-905a-5facc218ff7f\"><\/div><div class=\"swiper-slide-inner\" ><div class=\"swiper-slide-contents\"><\/div><\/div><\/div><div class=\"elementor-repeater-item-07d93c6 swiper-slide\" role=\"group\" aria-roledescription=\"slide\"><div class=\"swiper-slide-bg\" role=\"img\" aria-label=\"WhatsApp-Image-2021-11-10-at-11.55.16-1\"><\/div><div class=\"swiper-slide-inner\" ><div class=\"swiper-slide-contents\"><\/div><\/div><\/div><div class=\"elementor-repeater-item-e87db3b swiper-slide\" role=\"group\" aria-roledescription=\"slide\"><div class=\"swiper-slide-bg\" role=\"img\" aria-label=\"IMG_0268\"><\/div><div class=\"swiper-slide-inner\" ><div class=\"swiper-slide-contents\"><\/div><\/div><\/div><div class=\"elementor-repeater-item-f95e892 swiper-slide\" role=\"group\" aria-roledescription=\"slide\"><div class=\"swiper-slide-bg\" role=\"img\" aria-label=\"27ae5060-74e0-4d86-8291-015c904b4174\"><\/div><div class=\"swiper-slide-inner\" ><div class=\"swiper-slide-contents\"><\/div><\/div><\/div><div class=\"elementor-repeater-item-342faa1 swiper-slide\" role=\"group\" aria-roledescription=\"slide\"><div class=\"swiper-slide-bg\" role=\"img\" aria-label=\"IMG_0267\"><\/div><div class=\"swiper-slide-inner\" ><div class=\"swiper-slide-contents\"><\/div><\/div><\/div>\t\t\t\t<\/div>\n\t\t\t\t\t\t\t\t\t\t\t\t\t\t\t<div class=\"elementor-swiper-button elementor-swiper-button-prev\" role=\"button\" tabindex=\"0\" aria-label=\"Vorheriges Dia\">\n\t\t\t\t\t\t\t<i aria-hidden=\"true\" class=\"eicon-chevron-left\"><\/i>\t\t\t\t\t\t<\/div>\n\t\t\t\t\t\t<div class=\"elementor-swiper-button elementor-swiper-button-next\" role=\"button\" tabindex=\"0\" aria-label=\"N\u00e4chste Folie\">\n\t\t\t\t\t\t\t<i aria-hidden=\"true\" class=\"eicon-chevron-right\"><\/i>\t\t\t\t\t\t<\/div>\n\t\t\t\t\t\t\t\t\t\t\t\t\t\t\t\t<div class=\"swiper-pagination\"><\/div>\n\t\t\t\t\t\t\t\t\t\t\t\t<\/div>\n\t\t\t\t\t\t\t\t<\/div>\n\t\t\t\t<div class=\"elementor-element elementor-element-07a59b3 elementor-widget elementor-widget-heading\" data-id=\"07a59b3\" data-element_type=\"widget\" data-e-type=\"widget\" data-widget_type=\"heading.default\">\n\t\t\t\t\t<h2 class=\"elementor-heading-title elementor-size-default\">Einzigartige Shetlanderfahrung am Meer!<\/h2>\t\t\t\t<\/div>\n\t\t\t\t<div class=\"elementor-element elementor-element-5cc10d4 elementor-widget elementor-widget-text-editor\" data-id=\"5cc10d4\" data-element_type=\"widget\" data-e-type=\"widget\" data-widget_type=\"text-editor.default\">\n\t\t\t\t\t\t\t\t\t<div><div><span style=\"color: #000000;\">M\u00f6chtest du zusammen mit einem Erwachsenen, <\/span><span style=\"color: #000000;\">M\u00f6chten Sie einen unvergesslichen Kurzurlaub erleben? Dann kommen Sie zu unserem gem\u00fctlichen Minicampingplatz in der N\u00e4he des wundersch\u00f6nen Strandes von Callantsoog.<\/span><\/div><div>\u00a0<\/div><div><span style=\"color: #000000;\">\u2728 2 \u00dcbernachtungen in unserem  gem\u00fctlichen 2-Personen-Zirkuswagen, eine kleine \u00dcberraschung bei Ihrer Ankunft<\/span><\/div><div><span style=\"color: #000000;\">\u2728 Unsere s\u00fc\u00dfen Shetland Snoes pflegen, striegeln und reiten<\/span><\/div><div><span style=\"color: #000000;\">\u2728 Geeignet f\u00fcr Kinder ab 6 Jahren (bis ca. 1,40 m)<\/span><\/div><div><span style=\"color: #000000;\">\u2728 In der Beratung ist vieles m\u00f6glich.  Als Kind oder Erwachsener ist Erfahrung mit Ponys hilfreich, aber nicht zwingend notwendig.<\/span><\/div><div>\u00a0<\/div><div><span style=\"color: #000000;\">Genie\u00dfen Sie eine ruhige Umgebung mit Innen- und Au\u00dfenreitplatz, Natur\/Strand und einem tollen 2-t\u00e4gigen Pony-Erlebnis! <br \/><\/span><\/div><div>\u00a0<\/div><div><span style=\"color: #000000;\"><b>\u20ac 245,00<\/b> 2x Privatunterricht inklusive\u00a0<\/span><\/div><div><strong>\u20ac 265,00<\/strong> <span style=\"color: #000000;\">, 1x Privatunterricht und 1x magischer Strandausritt inklusive, inklusive Eisessen mit Shetlandpony Snoes! <strong>(nur mit (Fahr-)Erfahrung!)<\/strong><\/span><\/div><div>\u00a0<\/div><\/div><div><span style=\"color: #000000;\">Das ganze Jahr \u00fcber bieten wir auch private Pony- oder Longierstunden auf dem Pferder\u00fccken an (auch f\u00fcr einen Erwachsenen).<\/span><\/div>\t\t\t\t\t\t\t\t<\/div>\n\t\t\t\t<\/div>\n\t\t<div class=\"elementor-element elementor-element-8bbf3f3 e-con-full e-flex e-con e-child\" data-id=\"8bbf3f3\" data-element_type=\"container\" data-e-type=\"container\" data-settings=\"{&quot;background_background&quot;:&quot;classic&quot;}\">\n\t\t<div class=\"elementor-element elementor-element-60ff2b5 e-con-full sticky-column e-flex e-con e-child\" data-id=\"60ff2b5\" data-element_type=\"container\" data-e-type=\"container\">\n\t\t\t\t<div class=\"elementor-element elementor-element-f6d0cf9 elementor-widget elementor-widget-heading\" data-id=\"f6d0cf9\" data-element_type=\"widget\" data-e-type=\"widget\" data-widget_type=\"heading.default\">\n\t\t\t\t\t<h2 class=\"elementor-heading-title elementor-size-default\">Buchen Sie Ihren Aufenthalt<\/h2>\t\t\t\t<\/div>\n\t\t\t\t<div class=\"elementor-element elementor-element-628fc61 elementor-widget elementor-widget-jet-engine-booking-form\" data-id=\"628fc61\" data-element_type=\"widget\" data-e-type=\"widget\" data-widget_type=\"jet-engine-booking-form.default\">\n\t\t\t\t<div class=\"elementor-widget-container\">\n\t\t\t\t\t<form  class=\"jet-form layout-column submit-type-ajax\" action=\"\/de\/wp-json\/wp\/v2\/pages\/2193?jet_engine_action=book&#038;nocache=1775630409\" method=\"POST\" data-form-id=\"2267\" data-trp-original-action=\"\/de\/wp-json\/wp\/v2\/pages\/2193?jet_engine_action=book&#038;nocache=1775630409\"><input class=\"jet-form__field hidden-field\" type=\"hidden\" name=\"_jet_engine_booking_form_id\" value=\"2267\" data-field-name=\"_jet_engine_booking_form_id\"><input class=\"jet-form__field hidden-field\" type=\"hidden\" name=\"_jet_engine_refer\" value=\"https:\/\/derijnhoeve.nl\/de\/wp-json\/wp\/v2\/pages\/2193\" data-field-name=\"_jet_engine_refer\"><div  class=\"jet-form-row jet-form-row--hidden\"><div class=\"jet-form-col jet-form-col-12  field-type-hidden  jet-form-field-container\" data-field=\"post_id\" data-conditional=\"false\"><input class=\"jet-form__field hidden-field\" type=\"hidden\" name=\"post_id\" value=\"2193\" data-field-name=\"post_id\"><\/div><\/div><div  class=\"jet-form-row jet-form-row--first-visible\"><div class=\"jet-form-col jet-form-col-6  field-type-date  jet-form-field-container\" data-field=\"aankomst_aankomst\" data-conditional=\"false\"><div class=\"jet-form__label\">\n\t<span class=\"jet-form__label-text\" >Gew\u00fcnschte Ankunft<span class=\"jet-form__required\">*<\/span><\/span>\n\t<\/div><input class=\"jet-form__field date-field\" value=\"\" required=\"required\" name=\"aankomst_aankomst\" type=\"date\" data-field-name=\"aankomst_aankomst\" id=\"aankomst_aankomst\"><\/div><div class=\"jet-form-col jet-form-col-6  field-type-date  jet-form-field-container\" data-field=\"aankomst_vertrek\" data-conditional=\"false\"><div class=\"jet-form__label\">\n\t<span class=\"jet-form__label-text\" >Gew\u00fcnschte Abfahrt<span class=\"jet-form__required\">*<\/span><\/span>\n\t<\/div><input class=\"jet-form__field date-field\" value=\"\" required=\"required\" name=\"aankomst_vertrek\" type=\"date\" data-field-name=\"aankomst_vertrek\" id=\"aankomst_vertrek\"><\/div><\/div><div  class=\"jet-form-row\"><div class=\"jet-form-col jet-form-col-12  field-type-select  jet-form-field-container\" data-field=\"aantal_personen\" data-conditional=\"false\"><div class=\"jet-form__label\">\n\t<span class=\"jet-form__label-text\" >Anzahl der Personen<span class=\"jet-form__required\">*<\/span><\/span>\n\t<\/div><select  required=\"required\" name=\"aantal_personen\" data-field-name=\"aantal_personen\" id=\"aantal_personen\" data-default-val=\"\" class=\"jet-form__field select-field\"><option value=\"1\"  data-calculate=\"1\">1<\/option><option value=\"2\"  data-calculate=\"2\">2<\/option><\/select><\/div><\/div><div  class=\"jet-form-row\"><div class=\"jet-form-col jet-form-col-12  field-type-textarea  jet-form-field-container\" data-field=\"overig\" data-conditional=\"false\"><div class=\"jet-form__label\">\n\t<span class=\"jet-form__label-text\" >Andere Kommentare<\/span>\n\t<\/div><textarea class=\"jet-form__field textarea-field\" name=\"overig\" data-field-name=\"overig\" id=\"overig\"><\/textarea><\/div><\/div><div  class=\"jet-form-row\"><div class=\"jet-form-col jet-form-col-12  field-type-heading  jet-form-field-container\" data-field=\"heading\" data-conditional=\"false\"><div class=\"jet-form__heading\">\n\t<span class=\"jet-form__label-text\" >Kontaktinformationen<\/span>\n\t<\/div><\/div><\/div><div  class=\"jet-form-row\"><div class=\"jet-form-col jet-form-col-6  field-type-text  jet-form-field-container\" data-field=\"field_name\" data-conditional=\"false\"><div class=\"jet-form__label\">\n\t<span class=\"jet-form__label-text\" >Vornamen<span class=\"jet-form__required\">*<\/span><\/span>\n\t<\/div><input class=\"jet-form__field text-field\" value=\"\" required=\"required\" name=\"field_name\" id=\"field_name\" type=\"text\" data-field-name=\"field_name\"><\/div><div class=\"jet-form-col jet-form-col-6  field-type-text  jet-form-field-container\" data-field=\"field_lastname\" data-conditional=\"false\"><div class=\"jet-form__label\">\n\t<span class=\"jet-form__label-text\" >Nachname<span class=\"jet-form__required\">*<\/span><\/span>\n\t<\/div><input class=\"jet-form__field text-field\" value=\"\" required=\"required\" name=\"field_lastname\" id=\"field_lastname\" type=\"text\" data-field-name=\"field_lastname\"><\/div><\/div><div  class=\"jet-form-row\"><div class=\"jet-form-col jet-form-col-12  field-type-text  jet-form-field-container\" data-field=\"email\" data-conditional=\"false\"><div class=\"jet-form__label\">\n\t<span class=\"jet-form__label-text\" >E-Mail<span class=\"jet-form__required\">*<\/span><\/span>\n\t<\/div><input class=\"jet-form__field text-field\" value=\"\" required=\"required\" name=\"email\" id=\"email\" type=\"text\" data-field-name=\"email\"><\/div><div class=\"jet-form-col jet-form-col-12  field-type-text  jet-form-field-container\" data-field=\"telefoon\" data-conditional=\"false\"><div class=\"jet-form__label\">\n\t<span class=\"jet-form__label-text\" >Rufnummer<span class=\"jet-form__required\">*<\/span><\/span>\n\t<\/div><input class=\"jet-form__field text-field\" value=\"\" required=\"required\" name=\"telefoon\" id=\"telefoon\" type=\"text\" data-field-name=\"telefoon\"><\/div><\/div><div  class=\"jet-form-row jet-form-row--submit\"><div class=\"jet-form-col jet-form-col-12  field-type-submit  jet-form-field-container\" data-field=\"submit\" data-conditional=\"false\"><div class=\"jet-form__submit-wrap\">\n\t\t<button class=\"jet-form__submit submit-type-ajax\" type=\"button\">Anfrage senden<\/button>\n<\/div><\/div><\/div><input class=\"jet-form__field hidden-field\" type=\"hidden\" name=\"_jet_engine_nonce\" value=\"f56e97007d\" data-field-name=\"_jet_engine_nonce\"><input type=\"hidden\" name=\"trp-form-language\" value=\"de\"\/><\/form><div class=\"jet-form-messages-wrap\" data-form-id=\"2267\"><\/div>\t\t\t\t<\/div>\n\t\t\t\t<\/div>\n\t\t\t\t<\/div>\n\t\t\t\t<\/div>\n\t\t\t\t\t<\/div>\n\t\t\t\t<\/div>\n\t\t\t\t<\/div>","protected":false},"excerpt":{"rendered":"<p>Unieke Shetlander-beleving aan de kust! Wil jij samen met een volwassene, een onvergetelijke mini vakantie beleven? Kom dan naar onze gezellige minicamping, vlakbij het prachtige strand van Callantsoog.\u00a0\u2728 2 overnachtingen in onze \u00a0knusse 2-persoons pipowagen, wat lekkers bij aankomst\u2728 Verzorg, poets en rijdt op onze lieve Shetlander Snoes\u2728 Geschikt voor kinderen vanaf 6 jaar (tot [&hellip;]<\/p>\n","protected":false},"author":1,"featured_media":0,"parent":0,"menu_order":0,"comment_status":"closed","ping_status":"closed","template":"","meta":{"site-sidebar-layout":"no-sidebar","site-content-layout":"page-builder","ast-site-content-layout":"full-width-container","site-content-style":"unboxed","site-sidebar-style":"unboxed","ast-global-header-display":"","ast-banner-title-visibility":"","ast-main-header-display":"","ast-hfb-above-header-display":"","ast-hfb-below-header-display":"","ast-hfb-mobile-header-display":"","site-post-title":"disabled","ast-breadcrumbs-content":"","ast-featured-img":"disabled","footer-sml-layout":"","ast-disable-related-posts":"","theme-transparent-header-meta":"","adv-header-id-meta":"","stick-header-meta":"","header-above-stick-meta":"","header-main-stick-meta":"","header-below-stick-meta":"","astra-migrate-meta-layouts":"set","ast-page-background-enabled":"default","ast-page-background-meta":{"desktop":{"background-color":"var(--ast-global-color-4)","background-image":"","background-repeat":"repeat","background-position":"center center","background-size":"auto","background-attachment":"scroll","background-type":"","background-media":"","overlay-type":"","overlay-color":"","overlay-opacity":"","overlay-gradient":""},"tablet":{"background-color":"","background-image":"","background-repeat":"repeat","background-position":"center center","background-size":"auto","background-attachment":"scroll","background-type":"","background-media":"","overlay-type":"","overlay-color":"","overlay-opacity":"","overlay-gradient":""},"mobile":{"background-color":"","background-image":"","background-repeat":"repeat","background-position":"center center","background-size":"auto","background-attachment":"scroll","background-type":"","background-media":"","overlay-type":"","overlay-color":"","overlay-opacity":"","overlay-gradient":""}},"ast-content-background-meta":{"desktop":{"background-color":"var(--ast-global-color-5)","background-image":"","background-repeat":"repeat","background-position":"center center","background-size":"auto","background-attachment":"scroll","background-type":"","background-media":"","overlay-type":"","overlay-color":"","overlay-opacity":"","overlay-gradient":""},"tablet":{"background-color":"var(--ast-global-color-5)","background-image":"","background-repeat":"repeat","background-position":"center center","background-size":"auto","background-attachment":"scroll","background-type":"","background-media":"","overlay-type":"","overlay-color":"","overlay-opacity":"","overlay-gradient":""},"mobile":{"background-color":"var(--ast-global-color-5)","background-image":"","background-repeat":"repeat","background-position":"center center","background-size":"auto","background-attachment":"scroll","background-type":"","background-media":"","overlay-type":"","overlay-color":"","overlay-opacity":"","overlay-gradient":""}},"footnotes":""},"class_list":["post-2193","page","type-page","status-publish","hentry"],"_links":{"self":[{"href":"https:\/\/derijnhoeve.nl\/de\/wp-json\/wp\/v2\/pages\/2193","targetHints":{"allow":["GET"]}}],"collection":[{"href":"https:\/\/derijnhoeve.nl\/de\/wp-json\/wp\/v2\/pages"}],"about":[{"href":"https:\/\/derijnhoeve.nl\/de\/wp-json\/wp\/v2\/types\/page"}],"author":[{"embeddable":true,"href":"https:\/\/derijnhoeve.nl\/de\/wp-json\/wp\/v2\/users\/1"}],"replies":[{"embeddable":true,"href":"https:\/\/derijnhoeve.nl\/de\/wp-json\/wp\/v2\/comments?post=2193"}],"version-history":[{"count":0,"href":"https:\/\/derijnhoeve.nl\/de\/wp-json\/wp\/v2\/pages\/2193\/revisions"}],"wp:attachment":[{"href":"https:\/\/derijnhoeve.nl\/de\/wp-json\/wp\/v2\/media?parent=2193"}],"curies":[{"name":"wp","href":"https:\/\/api.w.org\/{rel}","templated":true}]}}